{"id":1270,"date":"2024-07-05T16:16:36","date_gmt":"2024-07-05T20:16:36","guid":{"rendered":"https:\/\/lancer.cl\/2022\/request-quote\/"},"modified":"2024-09-24T15:11:44","modified_gmt":"2024-09-24T19:11:44","slug":"mi-cotizacion","status":"publish","type":"page","link":"https:\/\/lancer.cl\/lancer\/mi-cotizacion\/","title":{"rendered":"Mi Cotizaci\u00f3n"},"content":{"rendered":"<h3><strong>DEBES INICIAR SESI\u00d3N PARA PODER VER TU COTIZACI\u00d3N.<\/strong><\/h3>\r\n<p>Haz clic en uno de los enlaces a continuaci\u00f3n para redireccionarte: <span style=\"color: #993366\"><a style=\"color: #993366\" href=\"https:\/\/lancer.cl\/lancer\/inicio-de-sesion\/\">Iniciar Sesi\u00f3n<\/a><\/span> \/ <span style=\"color: #993366\"><a style=\"color: #993366\" href=\"https:\/\/lancer.cl\/lancer\/registrarme\/\">Registrarme<\/a><\/span><\/p>","protected":false},"excerpt":{"rendered":"","protected":false},"author":1,"featured_media":0,"parent":0,"menu_order":0,"comment_status":"closed","ping_status":"closed","template":"","meta":{"_monsterinsights_skip_tracking":false,"_monsterinsights_sitenote_active":false,"_monsterinsights_sitenote_note":"","_monsterinsights_sitenote_category":0,"footnotes":""},"class_list":["post-1270","page","type-page","status-publish","hentry"],"aioseo_notices":[],"_links":{"self":[{"href":"https:\/\/lancer.cl\/lancer\/wp-json\/wp\/v2\/pages\/1270","targetHints":{"allow":["GET"]}}],"collection":[{"href":"https:\/\/lancer.cl\/lancer\/wp-json\/wp\/v2\/pages"}],"about":[{"href":"https:\/\/lancer.cl\/lancer\/wp-json\/wp\/v2\/types\/page"}],"author":[{"embeddable":true,"href":"https:\/\/lancer.cl\/lancer\/wp-json\/wp\/v2\/users\/1"}],"replies":[{"embeddable":true,"href":"https:\/\/lancer.cl\/lancer\/wp-json\/wp\/v2\/comments?post=1270"}],"version-history":[{"count":11,"href":"https:\/\/lancer.cl\/lancer\/wp-json\/wp\/v2\/pages\/1270\/revisions"}],"predecessor-version":[{"id":4968,"href":"https:\/\/lancer.cl\/lancer\/wp-json\/wp\/v2\/pages\/1270\/revisions\/4968"}],"wp:attachment":[{"href":"https:\/\/lancer.cl\/lancer\/wp-json\/wp\/v2\/media?parent=1270"}],"curies":[{"name":"wp","href":"https:\/\/api.w.org\/{rel}","templated":true}]}}