{"id":1912,"date":"2024-07-17T17:55:24","date_gmt":"2024-07-17T21:55:24","guid":{"rendered":"https:\/\/lancer.cl\/lancer\/?page_id=1912"},"modified":"2026-03-16T10:47:08","modified_gmt":"2026-03-16T13:47:08","slug":"catalogos-2024","status":"publish","type":"page","link":"https:\/\/lancer.cl\/lancer\/catalogos-2024\/","title":{"rendered":"Cat\u00e1logos"},"content":{"rendered":"<h3><strong>DEBES INICIAR SESI\u00d3N PARA PODER VER LOS CAT\u00c1LOGOS.<\/strong><\/h3>\r\n<p>Haz clic en uno de los enlaces a continuaci\u00f3n para redireccionarte: <span style=\"color: #993366\"><a style=\"color: #993366\" href=\"https:\/\/lancer.cl\/lancer\/inicio-de-sesion\/\">Iniciar Sesi\u00f3n<\/a><\/span> \/ <span style=\"color: #993366\"><a style=\"color: #993366\" href=\"https:\/\/lancer.cl\/lancer\/registrarme\/\">Registrarme<\/a><\/span><\/p>","protected":false},"excerpt":{"rendered":"","protected":false},"author":1,"featured_media":0,"parent":0,"menu_order":0,"comment_status":"closed","ping_status":"closed","template":"","meta":{"_monsterinsights_skip_tracking":false,"_monsterinsights_sitenote_active":false,"_monsterinsights_sitenote_note":"","_monsterinsights_sitenote_category":0,"footnotes":""},"class_list":["post-1912","page","type-page","status-publish","hentry"],"aioseo_notices":[],"_links":{"self":[{"href":"https:\/\/lancer.cl\/lancer\/wp-json\/wp\/v2\/pages\/1912","targetHints":{"allow":["GET"]}}],"collection":[{"href":"https:\/\/lancer.cl\/lancer\/wp-json\/wp\/v2\/pages"}],"about":[{"href":"https:\/\/lancer.cl\/lancer\/wp-json\/wp\/v2\/types\/page"}],"author":[{"embeddable":true,"href":"https:\/\/lancer.cl\/lancer\/wp-json\/wp\/v2\/users\/1"}],"replies":[{"embeddable":true,"href":"https:\/\/lancer.cl\/lancer\/wp-json\/wp\/v2\/comments?post=1912"}],"version-history":[{"count":64,"href":"https:\/\/lancer.cl\/lancer\/wp-json\/wp\/v2\/pages\/1912\/revisions"}],"predecessor-version":[{"id":5531,"href":"https:\/\/lancer.cl\/lancer\/wp-json\/wp\/v2\/pages\/1912\/revisions\/5531"}],"wp:attachment":[{"href":"https:\/\/lancer.cl\/lancer\/wp-json\/wp\/v2\/media?parent=1912"}],"curies":[{"name":"wp","href":"https:\/\/api.w.org\/{rel}","templated":true}]}}