{"id":2003,"date":"2024-07-19T09:45:02","date_gmt":"2024-07-19T13:45:02","guid":{"rendered":"https:\/\/lancer.cl\/lancer\/?page_id=2003"},"modified":"2024-09-24T14:46:20","modified_gmt":"2024-09-24T18:46:20","slug":"sobre-nosotros","status":"publish","type":"page","link":"https:\/\/lancer.cl\/lancer\/sobre-nosotros\/","title":{"rendered":"Sobre Nosotros"},"content":{"rendered":"\t\t<div data-elementor-type=\"wp-page\" data-elementor-id=\"2003\" class=\"elementor elementor-2003\">\n\t\t\t\t<div class=\"elementor-element elementor-element-81c307f e-flex e-con-boxed wpr-particle-no wpr-jarallax-no wpr-parallax-no wpr-sticky-section-no wpr-column-slider-no wpr-equal-height-no e-con e-parent\" data-id=\"81c307f\" data-element_type=\"container\" data-e-type=\"container\">\n\t\t\t\t\t<div class=\"e-con-inner\">\n\t\t\t\t<div class=\"elementor-element elementor-element-b9d419d elementor-widget elementor-widget-spacer\" data-id=\"b9d419d\" data-element_type=\"widget\" data-e-type=\"widget\" data-widget_type=\"spacer.default\">\n\t\t\t\t<div class=\"elementor-widget-container\">\n\t\t\t\t\t\t\t<div class=\"elementor-spacer\">\n\t\t\t<div class=\"elementor-spacer-inner\"><\/div>\n\t\t<\/div>\n\t\t\t\t\t\t<\/div>\n\t\t\t\t<\/div>\n\t\t\t\t\t<\/div>\n\t\t\t\t<\/div>\n\t\t<div class=\"elementor-element elementor-element-af0060b e-con-full e-flex wpr-particle-no wpr-jarallax-no wpr-parallax-no wpr-sticky-section-no wpr-column-slider-no wpr-equal-height-no e-con e-parent\" data-id=\"af0060b\" data-element_type=\"container\" data-e-type=\"container\">\n\t\t\t\t<div class=\"elementor-element elementor-element-75a4959 elementor-widget__width-initial wpr-dual-heading-icon-top elementor-widget elementor-widget-wpr-dual-color-heading\" data-id=\"75a4959\" data-element_type=\"widget\" data-e-type=\"widget\" data-widget_type=\"wpr-dual-color-heading.default\">\n\t\t\t\t<div class=\"elementor-widget-container\">\n\t\t\t\t\t\t\t\t<div class=\"wpr-dual-heading-wrap\">\n\t\t\t\t<div class=\"wpr-dual-title-wrap\">\n\t\t\t\t\t<h2 class=\"wpr-dual-title\">\n\t\t\t\t\t\t\t\t\t\t\t<span class=\"first\">\u00bfQuienes<\/span>\n\t\t\t\t\t\t\t\t\t\t\n\t\t\t\t\t\t\t\t\t\t\t<span class=\"second\">Somos?<\/span>\n\t\t\t\t\t\t\t\t\t\t<\/h2>\n\t\t\t\t<\/div>\n\t\t\t\t\n\t\t\t\t\n\t\t\t\t\n\t\t\t<\/div>\n\t\t\t\t\t\t<\/div>\n\t\t\t\t<\/div>\n\t\t\t\t<\/div>\n\t\t<div class=\"elementor-element elementor-element-8f027ed e-flex e-con-boxed wpr-particle-no wpr-jarallax-no wpr-parallax-no wpr-sticky-section-no wpr-column-slider-no wpr-equal-height-no e-con e-parent\" data-id=\"8f027ed\" data-element_type=\"container\" data-e-type=\"container\">\n\t\t\t\t\t<div class=\"e-con-inner\">\n\t\t<div class=\"elementor-element elementor-element-ac7b848 e-con-full e-flex wpr-particle-no wpr-jarallax-no wpr-parallax-no wpr-sticky-section-no wpr-column-slider-no wpr-equal-height-no e-con e-child\" data-id=\"ac7b848\" data-element_type=\"container\" data-e-type=\"container\">\n\t\t\t\t<div class=\"elementor-element elementor-element-d31ae75 elementor-widget__width-initial elementor-widget elementor-widget-text-editor\" data-id=\"d31ae75\" data-element_type=\"widget\" data-e-type=\"widget\" data-widget_type=\"text-editor.default\">\n\t\t\t\t<div class=\"elementor-widget-container\">\n\t\t\t\t\t\t\t\t\t<p>En Lancer, nos dedicamos apasionadamente a ofrecer una experiencia excepcional en impresi\u00f3n que supera las expectativas de nuestros clientes.<\/p><p>Nuestro equipo est\u00e1 formado por profesionales apasionados y expertos en el campo de la impresi\u00f3n, comprometidos con proporcionar resultados incomparables.<\/p><p>Descubre por qu\u00e9 somos l\u00edderes en el sector de impresi\u00f3n\u00a0y c\u00f3mo podemos ayudarte a alcanzar tus objetivos creativos y comerciales. Estamos aqu\u00ed para transformar tus ideas en realidad con calidad y compromiso inigualables.<\/p>\t\t\t\t\t\t\t\t<\/div>\n\t\t\t\t<\/div>\n\t\t\t\t<div class=\"elementor-element elementor-element-c0acabb elementor-widget__width-initial elementor-widget elementor-widget-image\" data-id=\"c0acabb\" data-element_type=\"widget\" data-e-type=\"widget\" data-widget_type=\"image.default\">\n\t\t\t\t<div class=\"elementor-widget-container\">\n\t\t\t\t\t\t\t\t\t\t\t\t\t\t\t<img fetchpriority=\"high\" decoding=\"async\" width=\"800\" height=\"800\" src=\"https:\/\/lancer.cl\/lancer\/wp-content\/uploads\/2024\/07\/Lancer-Quienes-somos.jpg\" class=\"attachment-full size-full wp-image-2140\" alt=\"\" srcset=\"https:\/\/lancer.cl\/lancer\/wp-content\/uploads\/2024\/07\/Lancer-Quienes-somos.jpg 800w, https:\/\/lancer.cl\/lancer\/wp-content\/uploads\/2024\/07\/Lancer-Quienes-somos-100x100.jpg 100w, https:\/\/lancer.cl\/lancer\/wp-content\/uploads\/2024\/07\/Lancer-Quienes-somos-64x64.jpg 64w, https:\/\/lancer.cl\/lancer\/wp-content\/uploads\/2024\/07\/Lancer-Quienes-somos-300x300.jpg 300w, https:\/\/lancer.cl\/lancer\/wp-content\/uploads\/2024\/07\/Lancer-Quienes-somos-150x150.jpg 150w, https:\/\/lancer.cl\/lancer\/wp-content\/uploads\/2024\/07\/Lancer-Quienes-somos-768x768.jpg 768w, https:\/\/lancer.cl\/lancer\/wp-content\/uploads\/2024\/07\/Lancer-Quienes-somos-510x510.jpg 510w\" sizes=\"(max-width: 800px) 100vw, 800px\" \/>\t\t\t\t\t\t\t\t\t\t\t\t\t\t\t<\/div>\n\t\t\t\t<\/div>\n\t\t\t\t<\/div>\n\t\t\t\t\t<\/div>\n\t\t\t\t<\/div>\n\t\t<div class=\"elementor-element elementor-element-7364ba9 e-flex e-con-boxed wpr-particle-no wpr-jarallax-no wpr-parallax-no wpr-sticky-section-no wpr-column-slider-no wpr-equal-height-no e-con e-parent\" data-id=\"7364ba9\" data-element_type=\"container\" data-e-type=\"container\">\n\t\t\t\t\t<div class=\"e-con-inner\">\n\t\t<div class=\"elementor-element elementor-element-01f32cb e-con-full e-flex wpr-particle-no wpr-jarallax-no wpr-parallax-no wpr-sticky-section-no wpr-column-slider-no wpr-equal-height-no e-con e-child\" data-id=\"01f32cb\" data-element_type=\"container\" data-e-type=\"container\" data-settings=\"{&quot;background_background&quot;:&quot;classic&quot;}\">\n\t\t\t\t<div class=\"elementor-element elementor-element-66b3f32 wpr-adv-slider-columns-1 wpr-adv-slider-columns--mobile1 elementor-widget-mobile__width-initial wpr-adv-slider-columns--tablet1 wpr-adv-slides-to-scroll-1 wpr-slider-dots-horizontal elementor-widget elementor-widget-wpr-advanced-slider\" data-id=\"66b3f32\" data-element_type=\"widget\" data-e-type=\"widget\" data-settings=\"{&quot;slider_amount&quot;:&quot;1&quot;,&quot;slider_amount_mobile&quot;:&quot;1&quot;,&quot;slider_amount_tablet&quot;:1,&quot;slides_to_scroll&quot;:1,&quot;slider_loop&quot;:&quot;yes&quot;,&quot;slider_hide_video_content&quot;:&quot;yes&quot;,&quot;slider_video_btn_size&quot;:&quot;medium&quot;}\" data-widget_type=\"wpr-advanced-slider.default\">\n\t\t\t\t<div class=\"elementor-widget-container\">\n\t\t\t\t\t\n\t\t<!-- Advanced Slider -->\n\t\t<div class=\"wpr-advanced-slider-wrap\">\n\t\t\t\n\t\t\t<div class=\"wpr-advanced-slider\" dir=\"ltr\" data-slick=\"{&quot;rtl&quot;:false,&quot;infinite&quot;:true,&quot;speed&quot;:700,&quot;arrows&quot;:true,&quot;dots&quot;:true,&quot;autoplay&quot;:false,&quot;autoplaySpeed&quot;:1000,&quot;pauseOnHover&quot;:&quot;&quot;,&quot;prevArrow&quot;:&quot;#wpr-slider-prev-66b3f32&quot;,&quot;nextArrow&quot;:&quot;#wpr-slider-next-66b3f32&quot;,&quot;vertical&quot;:false,&quot;adaptiveHeight&quot;:true}\" data-hide-video-content=\"yes\" data-video-btn-size=\"{&quot;widescreen&quot;:&quot;medium&quot;,&quot;desktop&quot;:&quot;medium&quot;,&quot;laptop&quot;:&quot;medium&quot;,&quot;tablet_extra&quot;:&quot;medium&quot;,&quot;tablet&quot;:&quot;medium&quot;,&quot;mobile_extra&quot;:&quot;medium&quot;,&quot;mobile&quot;:&quot;medium&quot;}\" data-slide-effect=\"fade\">\n\t\t\t\t<div class=\"wpr-slider-item elementor-repeater-item-b85294d\"><div class=\"wpr-slider-item-bg \" style=\"background-image: url(https:\/\/lancer.cl\/lancer\/wp-content\/uploads\/2024\/07\/mision.jpg)\"><\/div><div class=\"wpr-slider-item-overlay\"><\/div><div class=\"wpr-cv-container wpr-slider-animation\"><div class=\"wpr-cv-outer wpr-anim-transparency wpr-anim-size-large wpr-overlay-fade-in\"><div class=\"wpr-cv-inner\"><div class=\"wpr-slider-content\"><div class=\"wpr-slider-title\"><h2>Nuestra Misi\u00f3n<\/h2><\/div><div class=\"wpr-slider-sub-title\"><h3>La Misi\u00f3n como empresa<\/h3><\/div><div class=\"wpr-slider-description\"><p>vender productos de buena calidad, a un precio razonable y competitivo, con fuerte \u00e9nfasis en la innovaci\u00f3n, ya que estamos en constante evoluci\u00f3n y conforme a las nuevas necesidades del mercado<\/p><\/div><div class=\"wpr-slider-btns\"><\/div><\/div><\/div><\/div><\/div><\/div><div class=\"wpr-slider-item elementor-repeater-item-02b18ee\"><div class=\"wpr-slider-item-bg \" style=\"background-image: url(https:\/\/lancer.cl\/lancer\/wp-content\/uploads\/2024\/07\/vision.jpg)\"><\/div><div class=\"wpr-slider-item-overlay\"><\/div><div class=\"wpr-cv-container wpr-slider-animation\"><div class=\"wpr-cv-outer wpr-anim-transparency wpr-anim-size-large wpr-overlay-fade-in\"><div class=\"wpr-cv-inner\"><div class=\"wpr-slider-content\"><div class=\"wpr-slider-title\"><h2>Nuestra Visi\u00f3n<\/h2><\/div><div class=\"wpr-slider-sub-title\"><h3>La vision que tenemos como empresa<\/h3><\/div><div class=\"wpr-slider-description\"><p>Ser l\u00edder en venta de los productos de librer\u00eda, e insumos gr\u00e1ficos, posicionando la marca Lancer, en el mercado nacional<\/p><\/div><div class=\"wpr-slider-btns\"><\/div><\/div><\/div><\/div><\/div><\/div><div class=\"wpr-slider-item elementor-repeater-item-2a775f2\"><div class=\"wpr-slider-item-bg \" style=\"background-image: url(https:\/\/lancer.cl\/lancer\/wp-content\/uploads\/2024\/07\/resena2.jpg)\"><\/div><div class=\"wpr-slider-item-overlay\"><\/div><div class=\"wpr-cv-container wpr-slider-animation\"><div class=\"wpr-cv-outer wpr-anim-transparency wpr-anim-size-large wpr-overlay-fade-in\"><div class=\"wpr-cv-inner\"><div class=\"wpr-slider-content\"><div class=\"wpr-slider-title\"><h2>Rese\u00f1a<\/h2><\/div><div class=\"wpr-slider-sub-title\"><h3>Rese\u00f1a de la empresa<\/h3><\/div><div class=\"wpr-slider-description\"><p>Importadora Lancer, tienda de sublimaci\u00f3n bastante buena ya que, los trabajadores de la empresa atienden bien a sus clientes, y les damos soluciones a sus dudas, ademas nuestros productos son de calidad.<\/p><\/div><div class=\"wpr-slider-btns\"><\/div><\/div><\/div><\/div><\/div><\/div>\t\t\t<\/div>\n\t\t\t<div class=\"wpr-slider-controls\">\n\t\t\t\t<div class=\"wpr-slider-dots\"><\/div>\n\t\t\t<\/div>\n\n\t\t\t<div class=\"wpr-slider-arrow-container\">\n\t\t\t\t<div class=\"wpr-slider-prev-arrow wpr-slider-arrow\" id=\"wpr-slider-prev-66b3f32\">\n\t\t\t\t\t<svg version=\"1.1\" xmlns=\"http:\/\/www.w3.org\/2000\/svg\" xmlns:xlink=\"http:\/\/www.w3.org\/1999\/xlink\" x=\"0px\" y=\"0px\" viewBox=\"0 0 283.4 512\" style=\"enable-background:new 0 0 283.4 512;\" xml:space=\"preserve\"><g><polygon class=\"st0\" points=\"54.5,256.3 283.4,485.1 256.1,512.5 0,256.3 0,256.3 27.2,229 256.1,0 283.4,27.4 \"\/><\/g><\/svg>\t\t\t\t<\/div>\n\t\t\t\t<div class=\"wpr-slider-next-arrow wpr-slider-arrow\" id=\"wpr-slider-next-66b3f32\">\n\t\t\t\t\t<svg version=\"1.1\" xmlns=\"http:\/\/www.w3.org\/2000\/svg\" xmlns:xlink=\"http:\/\/www.w3.org\/1999\/xlink\" x=\"0px\" y=\"0px\" viewBox=\"0 0 283.4 512\" style=\"enable-background:new 0 0 283.4 512;\" xml:space=\"preserve\"><g><polygon class=\"st0\" points=\"54.5,256.3 283.4,485.1 256.1,512.5 0,256.3 0,256.3 27.2,229 256.1,0 283.4,27.4 \"\/><\/g><\/svg>\t\t\t\t<\/div>\n\t\t\t<\/div>\n\t\t\t\n\t\t\t\n\t\t<\/div>\n\t\t\t\t\t\t<\/div>\n\t\t\t\t<\/div>\n\t\t\t\t<\/div>\n\t\t\t\t\t<\/div>\n\t\t\t\t<\/div>\n\t\t\t\t<\/div>\n\t\t","protected":false},"excerpt":{"rendered":"<p>\u00bfQuienes Somos? En Lancer, nos dedicamos apasionadamente a ofrecer una experiencia excepcional en impresi\u00f3n que supera las expectativas de nuestros clientes. Nuestro equipo est\u00e1 formado por profesionales apasionados y expertos en el campo de la impresi\u00f3n, comprometidos con proporcionar resultados incomparables. Descubre por qu\u00e9 somos l\u00edderes en el sector de impresi\u00f3n\u00a0y c\u00f3mo podemos ayudarte a alcanzar tus objetivos creativos y comerciales. Estamos aqu\u00ed para transformar tus ideas en realidad con calidad y compromiso inigualables. Nuestra Misi\u00f3n La Misi\u00f3n como empresa vender productos de buena calidad, a un precio razonable y competitivo, con fuerte \u00e9nfasis en la innovaci\u00f3n, ya que estamos en constante evoluci\u00f3n y conforme a las nuevas necesidades del mercado Nuestra Visi\u00f3n La vision que tenemos como empresa Ser l\u00edder en venta de los productos de librer\u00eda, e insumos gr\u00e1ficos, posicionando la marca Lancer, en el mercado nacional Rese\u00f1a Rese\u00f1a de la empresa Importadora Lancer, tienda de sublimaci\u00f3n bastante buena ya que, los trabajadores de la empresa atienden bien a sus clientes, y les damos soluciones a sus dudas, ademas nuestros productos son de calidad.<\/p>\n","protected":false},"author":1,"featured_media":0,"parent":0,"menu_order":0,"comment_status":"closed","ping_status":"closed","template":"elementor_header_footer","meta":{"_monsterinsights_skip_tracking":false,"_monsterinsights_sitenote_active":false,"_monsterinsights_sitenote_note":"","_monsterinsights_sitenote_category":0,"footnotes":""},"class_list":["post-2003","page","type-page","status-publish","hentry"],"aioseo_notices":[],"_links":{"self":[{"href":"https:\/\/lancer.cl\/lancer\/wp-json\/wp\/v2\/pages\/2003","targetHints":{"allow":["GET"]}}],"collection":[{"href":"https:\/\/lancer.cl\/lancer\/wp-json\/wp\/v2\/pages"}],"about":[{"href":"https:\/\/lancer.cl\/lancer\/wp-json\/wp\/v2\/types\/page"}],"author":[{"embeddable":true,"href":"https:\/\/lancer.cl\/lancer\/wp-json\/wp\/v2\/users\/1"}],"replies":[{"embeddable":true,"href":"https:\/\/lancer.cl\/lancer\/wp-json\/wp\/v2\/comments?post=2003"}],"version-history":[{"count":52,"href":"https:\/\/lancer.cl\/lancer\/wp-json\/wp\/v2\/pages\/2003\/revisions"}],"predecessor-version":[{"id":4961,"href":"https:\/\/lancer.cl\/lancer\/wp-json\/wp\/v2\/pages\/2003\/revisions\/4961"}],"wp:attachment":[{"href":"https:\/\/lancer.cl\/lancer\/wp-json\/wp\/v2\/media?parent=2003"}],"curies":[{"name":"wp","href":"https:\/\/api.w.org\/{rel}","templated":true}]}}