{"id":1041,"date":"2024-07-05T15:52:06","date_gmt":"2024-07-05T19:52:06","guid":{"rendered":"https:\/\/lancer.cl\/2022\/?post_type=product&#038;p=1041"},"modified":"2024-08-06T15:59:44","modified_gmt":"2024-08-06T19:59:44","slug":"toner-05th-ce255a","status":"publish","type":"product","link":"https:\/\/lancer.cl\/lancer\/catalogo\/toner-05th-ce255a\/","title":{"rendered":"05TH-CE255A"},"content":{"rendered":"<p>Este cartucho ofrece impresiones de alta calidad y velocidades r\u00e1pidas, adem\u00e1s de opciones de alto rendimiento y tecnolog\u00eda antifraude para garantizar la calidad constante de HP. Ideal para producir impresiones de calidad profesional a alta velocidad, este cartucho de t\u00f3ner es una opci\u00f3n confiable para tus necesidades de impresi\u00f3n<\/p>\n","protected":false},"excerpt":{"rendered":"<p>Caracter\u00edsticas:<\/p>\n<ul>\n<li>Para Impresoras HP Laserjet P3010 \/ P3011 \/ P3015D \/ P3016 \/ P3015X \/ MFP-M521 \/ MFP-M525 \/ MFP-525c \/ MFP-M525f \/ MFP-M525DN \/ LASERJET ENTERPRISE 500MFP<\/li>\n<li>Rendimiento 6.000 p\u00e1ginas<\/li>\n<li>Resolucion igual a Original<\/li>\n<\/ul>\n<p>Envios a Region Metropolitana y Primera Region<\/p>\n","protected":false},"featured_media":3820,"comment_status":"open","ping_status":"closed","template":"","meta":{"_monsterinsights_skip_tracking":false,"_monsterinsights_sitenote_active":false,"_monsterinsights_sitenote_note":"","_monsterinsights_sitenote_category":0},"product_brand":[],"product_cat":[143,141],"product_tag":[],"class_list":{"0":"post-1041","1":"product","2":"type-product","3":"status-publish","4":"has-post-thumbnail","6":"product_cat-hp-toners","7":"product_cat-toners-toners-cartuchos-tintas-cintas","9":"first","10":"instock","11":"taxable","12":"shipping-taxable","13":"product-type-simple"},"aioseo_notices":[],"tiered_pricing_type":"fixed","tiered_pricing_fixed_rules":[],"tiered_pricing_product_settings":{"layout":"default","base_unit_name":{"singular":null,"plural":null},"default_variation":null},"tiered_pricing_minimum_quantity":null,"tiered_pricing_roles_data":[],"tiered_pricing_percentage_rules":[],"_links":{"self":[{"href":"https:\/\/lancer.cl\/lancer\/wp-json\/wp\/v2\/product\/1041","targetHints":{"allow":["GET"]}}],"collection":[{"href":"https:\/\/lancer.cl\/lancer\/wp-json\/wp\/v2\/product"}],"about":[{"href":"https:\/\/lancer.cl\/lancer\/wp-json\/wp\/v2\/types\/product"}],"replies":[{"embeddable":true,"href":"https:\/\/lancer.cl\/lancer\/wp-json\/wp\/v2\/comments?post=1041"}],"wp:featuredmedia":[{"embeddable":true,"href":"https:\/\/lancer.cl\/lancer\/wp-json\/wp\/v2\/media\/3820"}],"wp:attachment":[{"href":"https:\/\/lancer.cl\/lancer\/wp-json\/wp\/v2\/media?parent=1041"}],"wp:term":[{"taxonomy":"product_brand","embeddable":true,"href":"https:\/\/lancer.cl\/lancer\/wp-json\/wp\/v2\/product_brand?post=1041"},{"taxonomy":"product_cat","embeddable":true,"href":"https:\/\/lancer.cl\/lancer\/wp-json\/wp\/v2\/product_cat?post=1041"},{"taxonomy":"product_tag","embeddable":true,"href":"https:\/\/lancer.cl\/lancer\/wp-json\/wp\/v2\/product_tag?post=1041"}],"curies":[{"name":"wp","href":"https:\/\/api.w.org\/{rel}","templated":true}]}}