{"id":1116,"date":"2024-07-05T15:53:00","date_gmt":"2024-07-05T19:53:00","guid":{"rendered":"https:\/\/lancer.cl\/2022\/?post_type=product&#038;p=1116"},"modified":"2024-08-23T11:37:19","modified_gmt":"2024-08-23T15:37:19","slug":"04p-53g-papel-glossy-photografico","status":"publish","type":"product","link":"https:\/\/lancer.cl\/lancer\/catalogo\/04p-53g-papel-glossy-photografico\/","title":{"rendered":"04P-53G PAPEL GLOSSY PHOTOGRAFICO"},"content":{"rendered":"<p>Es un material de alta calidad dise\u00f1ado para la impresi\u00f3n de fotograf\u00edas con un acabado brillante y v\u00edvido.<\/p>\n","protected":false},"excerpt":{"rendered":"<p>Caracter\u00edsticas:<\/p>\n<ul>\n<li>300Gsm<\/li>\n<li>PAPEL PHOTOGRAFICO \u00a0GLOSSY<\/li>\n<li>DOBLEFAZ<\/li>\n<li>50HOJAS EN CAJITA<\/li>\n<\/ul>\n","protected":false},"featured_media":4264,"comment_status":"open","ping_status":"closed","template":"","meta":{"_monsterinsights_skip_tracking":false,"_monsterinsights_sitenote_active":false,"_monsterinsights_sitenote_note":"","_monsterinsights_sitenote_category":0},"product_brand":[],"product_cat":[131,132],"product_tag":[],"class_list":{"0":"post-1116","1":"product","2":"type-product","3":"status-publish","4":"has-post-thumbnail","6":"product_cat-papeles","7":"product_cat-photograpico","9":"first","10":"instock","11":"taxable","12":"shipping-taxable","13":"product-type-simple"},"aioseo_notices":[],"tiered_pricing_type":"fixed","tiered_pricing_fixed_rules":[],"tiered_pricing_product_settings":{"layout":"default","base_unit_name":{"singular":null,"plural":null},"default_variation":null},"tiered_pricing_minimum_quantity":null,"tiered_pricing_roles_data":[],"tiered_pricing_percentage_rules":[],"_links":{"self":[{"href":"https:\/\/lancer.cl\/lancer\/wp-json\/wp\/v2\/product\/1116","targetHints":{"allow":["GET"]}}],"collection":[{"href":"https:\/\/lancer.cl\/lancer\/wp-json\/wp\/v2\/product"}],"about":[{"href":"https:\/\/lancer.cl\/lancer\/wp-json\/wp\/v2\/types\/product"}],"replies":[{"embeddable":true,"href":"https:\/\/lancer.cl\/lancer\/wp-json\/wp\/v2\/comments?post=1116"}],"wp:featuredmedia":[{"embeddable":true,"href":"https:\/\/lancer.cl\/lancer\/wp-json\/wp\/v2\/media\/4264"}],"wp:attachment":[{"href":"https:\/\/lancer.cl\/lancer\/wp-json\/wp\/v2\/media?parent=1116"}],"wp:term":[{"taxonomy":"product_brand","embeddable":true,"href":"https:\/\/lancer.cl\/lancer\/wp-json\/wp\/v2\/product_brand?post=1116"},{"taxonomy":"product_cat","embeddable":true,"href":"https:\/\/lancer.cl\/lancer\/wp-json\/wp\/v2\/product_cat?post=1116"},{"taxonomy":"product_tag","embeddable":true,"href":"https:\/\/lancer.cl\/lancer\/wp-json\/wp\/v2\/product_tag?post=1116"}],"curies":[{"name":"wp","href":"https:\/\/api.w.org\/{rel}","templated":true}]}}