{"id":1138,"date":"2024-07-05T15:53:17","date_gmt":"2024-07-05T19:53:17","guid":{"rendered":"https:\/\/lancer.cl\/2022\/?post_type=product&#038;p=1138"},"modified":"2025-07-31T13:24:18","modified_gmt":"2025-07-31T17:24:18","slug":"04htv-05r-rollo-3d-puff","status":"publish","type":"product","link":"https:\/\/lancer.cl\/lancer\/catalogo\/04htv-05r-rollo-3d-puff\/","title":{"rendered":"04HTV-05R ROLLO 3D PUFF"},"content":{"rendered":"<p>\u00a1Dale un efecto impresionante a tus dise\u00f1os con el ROLLO 3D PUFF 04HTV-05R! Este vinilo termotransferible de 50 cm de ancho y 10 metros de largo crea un acabado tridimensional que resalta con un toque de profundidad y textura. Su innovadora tecnolog\u00eda 3D Puff hace que el dise\u00f1o se expanda y se eleve cuando se aplica calor, proporcionando un efecto en relieve que realmente destaca. Ideal para ropa, accesorios y proyectos creativos que necesitan un toque de originalidad y dinamismo. Con el 04HTV-05R, tus creaciones no solo ser\u00e1n visualmente impactantes, \u00a1sino que tambi\u00e9n tendr\u00e1n una textura \u00fanica que har\u00e1 que cada detalle cobre vida!<\/p>\n<hr \/>\n<div style=\"width: 960px;\" class=\"wp-video\"><video class=\"wp-video-shortcode\" id=\"video-1138-1\" width=\"960\" height=\"544\" preload=\"auto\" controls=\"controls\"><source type=\"video\/mp4\" src=\"https:\/\/lancer.cl\/lancer\/wp-content\/uploads\/2024\/07\/wspp2.mp4?_=1\" \/><a href=\"https:\/\/lancer.cl\/lancer\/wp-content\/uploads\/2024\/07\/wspp2.mp4\">https:\/\/lancer.cl\/lancer\/wp-content\/uploads\/2024\/07\/wspp2.mp4<\/a><\/video><\/div>\n","protected":false},"excerpt":{"rendered":"<p>Caracter\u00edsticas:<\/p>\n<ul>\n<li>Vinilo Termotransferible<\/li>\n<li>3D PUFF<\/li>\n<li>50cm x 10m<\/li>\n<\/ul>\n","protected":false},"featured_media":4313,"comment_status":"open","ping_status":"closed","template":"","meta":{"_monsterinsights_skip_tracking":false,"_monsterinsights_sitenote_active":false,"_monsterinsights_sitenote_note":"","_monsterinsights_sitenote_category":0},"product_brand":[],"product_cat":[178,177],"product_tag":[],"class_list":{"0":"post-1138","1":"product","2":"type-product","3":"status-publish","4":"has-post-thumbnail","6":"product_cat-termo-transferible","7":"product_cat-vinilos","9":"first","10":"instock","11":"taxable","12":"shipping-taxable","13":"product-type-simple"},"aioseo_notices":[],"tiered_pricing_type":"fixed","tiered_pricing_fixed_rules":[],"tiered_pricing_product_settings":{"layout":"default","base_unit_name":{"singular":null,"plural":null},"default_variation":null},"tiered_pricing_minimum_quantity":null,"tiered_pricing_roles_data":[],"tiered_pricing_percentage_rules":[],"_links":{"self":[{"href":"https:\/\/lancer.cl\/lancer\/wp-json\/wp\/v2\/product\/1138","targetHints":{"allow":["GET"]}}],"collection":[{"href":"https:\/\/lancer.cl\/lancer\/wp-json\/wp\/v2\/product"}],"about":[{"href":"https:\/\/lancer.cl\/lancer\/wp-json\/wp\/v2\/types\/product"}],"replies":[{"embeddable":true,"href":"https:\/\/lancer.cl\/lancer\/wp-json\/wp\/v2\/comments?post=1138"}],"wp:featuredmedia":[{"embeddable":true,"href":"https:\/\/lancer.cl\/lancer\/wp-json\/wp\/v2\/media\/4313"}],"wp:attachment":[{"href":"https:\/\/lancer.cl\/lancer\/wp-json\/wp\/v2\/media?parent=1138"}],"wp:term":[{"taxonomy":"product_brand","embeddable":true,"href":"https:\/\/lancer.cl\/lancer\/wp-json\/wp\/v2\/product_brand?post=1138"},{"taxonomy":"product_cat","embeddable":true,"href":"https:\/\/lancer.cl\/lancer\/wp-json\/wp\/v2\/product_cat?post=1138"},{"taxonomy":"product_tag","embeddable":true,"href":"https:\/\/lancer.cl\/lancer\/wp-json\/wp\/v2\/product_tag?post=1138"}],"curies":[{"name":"wp","href":"https:\/\/api.w.org\/{rel}","templated":true}]}}