{"id":1237,"date":"2024-07-05T15:54:12","date_gmt":"2024-07-05T19:54:12","guid":{"rendered":"https:\/\/lancer.cl\/2022\/?post_type=product&#038;p=1237"},"modified":"2024-07-17T16:12:08","modified_gmt":"2024-07-17T20:12:08","slug":"13j-21s-21b-interior-de-acero","status":"publish","type":"product","link":"https:\/\/lancer.cl\/lancer\/catalogo\/13j-21s-21b-interior-de-acero\/","title":{"rendered":"13J-21S\/21B JARRO INTERIOR DE ACERO"},"content":{"rendered":"<p>Durabilidad y funcionalidad con un dise\u00f1o moderno. Fabricado con materiales de alta calidad, este jarro asegura mantener las bebidas calientes o fr\u00edas por m\u00e1s tiempo, mientras su exterior de acero ofrece resistencia y un acabado elegante. Ideal para el uso diario o actividades al aire libre.<\/p>\n","protected":false},"excerpt":{"rendered":"<p>Caracter\u00edsticas:<\/p>\n<ul>\n<li>450ml<\/li>\n<li>21S: Acero &#8211; 21B: Blanco<\/li>\n<li>Interior Acero Inoxidable<\/li>\n<\/ul>\n<p>&nbsp;<\/p>\n","protected":false},"featured_media":1903,"comment_status":"open","ping_status":"closed","template":"","meta":{"_monsterinsights_skip_tracking":false,"_monsterinsights_sitenote_active":false,"_monsterinsights_sitenote_note":"","_monsterinsights_sitenote_category":0},"product_brand":[],"product_cat":[130],"product_tag":[],"class_list":{"0":"post-1237","1":"product","2":"type-product","3":"status-publish","4":"has-post-thumbnail","6":"product_cat-tazas-jarros-otros-sublimacion","8":"first","9":"instock","10":"taxable","11":"shipping-taxable","12":"product-type-simple"},"aioseo_notices":[],"tiered_pricing_type":"fixed","tiered_pricing_fixed_rules":[],"tiered_pricing_product_settings":{"layout":"default","base_unit_name":{"singular":null,"plural":null},"default_variation":null},"tiered_pricing_minimum_quantity":null,"tiered_pricing_roles_data":[],"tiered_pricing_percentage_rules":[],"_links":{"self":[{"href":"https:\/\/lancer.cl\/lancer\/wp-json\/wp\/v2\/product\/1237","targetHints":{"allow":["GET"]}}],"collection":[{"href":"https:\/\/lancer.cl\/lancer\/wp-json\/wp\/v2\/product"}],"about":[{"href":"https:\/\/lancer.cl\/lancer\/wp-json\/wp\/v2\/types\/product"}],"replies":[{"embeddable":true,"href":"https:\/\/lancer.cl\/lancer\/wp-json\/wp\/v2\/comments?post=1237"}],"wp:featuredmedia":[{"embeddable":true,"href":"https:\/\/lancer.cl\/lancer\/wp-json\/wp\/v2\/media\/1903"}],"wp:attachment":[{"href":"https:\/\/lancer.cl\/lancer\/wp-json\/wp\/v2\/media?parent=1237"}],"wp:term":[{"taxonomy":"product_brand","embeddable":true,"href":"https:\/\/lancer.cl\/lancer\/wp-json\/wp\/v2\/product_brand?post=1237"},{"taxonomy":"product_cat","embeddable":true,"href":"https:\/\/lancer.cl\/lancer\/wp-json\/wp\/v2\/product_cat?post=1237"},{"taxonomy":"product_tag","embeddable":true,"href":"https:\/\/lancer.cl\/lancer\/wp-json\/wp\/v2\/product_tag?post=1237"}],"curies":[{"name":"wp","href":"https:\/\/api.w.org\/{rel}","templated":true}]}}