{"id":1238,"date":"2024-07-05T15:54:12","date_gmt":"2024-07-05T19:54:12","guid":{"rendered":"https:\/\/lancer.cl\/2022\/?post_type=product&#038;p=1238"},"modified":"2024-07-17T16:24:32","modified_gmt":"2024-07-17T20:24:32","slug":"13j-22s-22b-interior-de-plastico","status":"publish","type":"product","link":"https:\/\/lancer.cl\/lancer\/catalogo\/13j-22s-22b-interior-de-plastico\/","title":{"rendered":"13J-22S\/22B JARRO INTERIOR DE PLASTICO"},"content":{"rendered":"<p>Fabricado con acero de alta calidad para una durabilidad excepcional, su interior de pl\u00e1stico asegura un uso c\u00f3modo y seguro al tacto, manteniendo las bebidas calientes o fr\u00edas por m\u00e1s tiempo. Ideal para el d\u00eda a d\u00eda, este jarro mug es perfecto para llevar caf\u00e9, t\u00e9 u otras bebidas mientras te desplazas, garantizando una experiencia de consumo conveniente y satisfactoria.<\/p>\n","protected":false},"excerpt":{"rendered":"<p>Caracter\u00edsticas:<\/p>\n<ul>\n<li>450ML<\/li>\n<li>Mug de Acero<\/li>\n<li>22S: Acero &#8211; 22B: Blanco<\/li>\n<li>Interior de Pl\u00e1stico<\/li>\n<\/ul>\n","protected":false},"featured_media":1906,"comment_status":"open","ping_status":"closed","template":"","meta":{"_monsterinsights_skip_tracking":false,"_monsterinsights_sitenote_active":false,"_monsterinsights_sitenote_note":"","_monsterinsights_sitenote_category":0},"product_brand":[],"product_cat":[130],"product_tag":[],"class_list":{"0":"post-1238","1":"product","2":"type-product","3":"status-publish","4":"has-post-thumbnail","6":"product_cat-tazas-jarros-otros-sublimacion","8":"first","9":"instock","10":"taxable","11":"shipping-taxable","12":"product-type-simple"},"aioseo_notices":[],"tiered_pricing_type":"fixed","tiered_pricing_fixed_rules":[],"tiered_pricing_product_settings":{"layout":"default","base_unit_name":{"singular":null,"plural":null},"default_variation":null},"tiered_pricing_minimum_quantity":null,"tiered_pricing_roles_data":[],"tiered_pricing_percentage_rules":[],"_links":{"self":[{"href":"https:\/\/lancer.cl\/lancer\/wp-json\/wp\/v2\/product\/1238","targetHints":{"allow":["GET"]}}],"collection":[{"href":"https:\/\/lancer.cl\/lancer\/wp-json\/wp\/v2\/product"}],"about":[{"href":"https:\/\/lancer.cl\/lancer\/wp-json\/wp\/v2\/types\/product"}],"replies":[{"embeddable":true,"href":"https:\/\/lancer.cl\/lancer\/wp-json\/wp\/v2\/comments?post=1238"}],"wp:featuredmedia":[{"embeddable":true,"href":"https:\/\/lancer.cl\/lancer\/wp-json\/wp\/v2\/media\/1906"}],"wp:attachment":[{"href":"https:\/\/lancer.cl\/lancer\/wp-json\/wp\/v2\/media?parent=1238"}],"wp:term":[{"taxonomy":"product_brand","embeddable":true,"href":"https:\/\/lancer.cl\/lancer\/wp-json\/wp\/v2\/product_brand?post=1238"},{"taxonomy":"product_cat","embeddable":true,"href":"https:\/\/lancer.cl\/lancer\/wp-json\/wp\/v2\/product_cat?post=1238"},{"taxonomy":"product_tag","embeddable":true,"href":"https:\/\/lancer.cl\/lancer\/wp-json\/wp\/v2\/product_tag?post=1238"}],"curies":[{"name":"wp","href":"https:\/\/api.w.org\/{rel}","templated":true}]}}