{"id":1242,"date":"2024-07-05T15:54:12","date_gmt":"2024-07-05T19:54:12","guid":{"rendered":"https:\/\/lancer.cl\/2022\/?post_type=product&#038;p=1242"},"modified":"2024-07-17T16:49:48","modified_gmt":"2024-07-17T20:49:48","slug":"13j-24b-24s-jarro-acero","status":"publish","type":"product","link":"https:\/\/lancer.cl\/lancer\/catalogo\/13j-24b-24s-jarro-acero\/","title":{"rendered":"13J-24B\/24S JARRO ACERO"},"content":{"rendered":"<p>Ideal para mantener tus bebidas favoritas a la temperatura perfecta durante m\u00e1s tiempo. Fabricado con acero de alta calidad, ofrece durabilidad y resistencia a la corrosi\u00f3n, asegurando un uso prolongado. Su dise\u00f1o simple y elegante lo hace adecuado para cualquier ocasi\u00f3n, desde el hogar hasta actividades al aire libre.<\/p>\n","protected":false},"excerpt":{"rendered":"<p>Caracter\u00edsticas:<\/p>\n<ul>\n<li>20Oz<\/li>\n<li>24S: Acero &#8211; 24B: Blanco<\/li>\n<li>Acero Inoxidable<\/li>\n<\/ul>\n<p>&nbsp;<\/p>\n","protected":false},"featured_media":1909,"comment_status":"open","ping_status":"closed","template":"","meta":{"_monsterinsights_skip_tracking":false,"_monsterinsights_sitenote_active":false,"_monsterinsights_sitenote_note":"","_monsterinsights_sitenote_category":0},"product_brand":[],"product_cat":[130],"product_tag":[],"class_list":{"0":"post-1242","1":"product","2":"type-product","3":"status-publish","4":"has-post-thumbnail","6":"product_cat-tazas-jarros-otros-sublimacion","8":"first","9":"instock","10":"taxable","11":"shipping-taxable","12":"product-type-simple"},"aioseo_notices":[],"tiered_pricing_type":"fixed","tiered_pricing_fixed_rules":[],"tiered_pricing_product_settings":{"layout":"default","base_unit_name":{"singular":null,"plural":null},"default_variation":null},"tiered_pricing_minimum_quantity":null,"tiered_pricing_roles_data":[],"tiered_pricing_percentage_rules":[],"_links":{"self":[{"href":"https:\/\/lancer.cl\/lancer\/wp-json\/wp\/v2\/product\/1242","targetHints":{"allow":["GET"]}}],"collection":[{"href":"https:\/\/lancer.cl\/lancer\/wp-json\/wp\/v2\/product"}],"about":[{"href":"https:\/\/lancer.cl\/lancer\/wp-json\/wp\/v2\/types\/product"}],"replies":[{"embeddable":true,"href":"https:\/\/lancer.cl\/lancer\/wp-json\/wp\/v2\/comments?post=1242"}],"wp:featuredmedia":[{"embeddable":true,"href":"https:\/\/lancer.cl\/lancer\/wp-json\/wp\/v2\/media\/1909"}],"wp:attachment":[{"href":"https:\/\/lancer.cl\/lancer\/wp-json\/wp\/v2\/media?parent=1242"}],"wp:term":[{"taxonomy":"product_brand","embeddable":true,"href":"https:\/\/lancer.cl\/lancer\/wp-json\/wp\/v2\/product_brand?post=1242"},{"taxonomy":"product_cat","embeddable":true,"href":"https:\/\/lancer.cl\/lancer\/wp-json\/wp\/v2\/product_cat?post=1242"},{"taxonomy":"product_tag","embeddable":true,"href":"https:\/\/lancer.cl\/lancer\/wp-json\/wp\/v2\/product_tag?post=1242"}],"curies":[{"name":"wp","href":"https:\/\/api.w.org\/{rel}","templated":true}]}}