{"id":1259,"date":"2024-07-05T15:54:29","date_gmt":"2024-07-05T19:54:29","guid":{"rendered":"https:\/\/lancer.cl\/2022\/?post_type=product&#038;p=1259"},"modified":"2024-07-18T15:02:05","modified_gmt":"2024-07-18T19:02:05","slug":"13r-01-reloj-redondo","status":"publish","type":"product","link":"https:\/\/lancer.cl\/lancer\/catalogo\/13r-01-reloj-redondo\/","title":{"rendered":"13R-01 RELOJ REDONDO"},"content":{"rendered":"<p>Un detalle encantador que combina estilo y funcionalidad en un tama\u00f1o compacto. Ideal para complementar cualquier espacio con elegancia discreta, asegurando que siempre est\u00e9s a tiempo con un toque de sofisticaci\u00f3n.<\/p>\n","protected":false},"excerpt":{"rendered":"<ul>\n<li>Para Sublimar<\/li>\n<li>Medidas: 105 X 105MM X 3MM<\/li>\n<li>Material: MDF<\/li>\n<li>10pcs X Cajita<\/li>\n<li>18 Cajitas X Caja<\/li>\n<\/ul>\n<p>&nbsp;<\/p>\n","protected":false},"featured_media":1976,"comment_status":"open","ping_status":"closed","template":"","meta":{"_monsterinsights_skip_tracking":false,"_monsterinsights_sitenote_active":false,"_monsterinsights_sitenote_note":"","_monsterinsights_sitenote_category":0},"product_brand":[],"product_cat":[130],"product_tag":[],"class_list":{"0":"post-1259","1":"product","2":"type-product","3":"status-publish","4":"has-post-thumbnail","6":"product_cat-tazas-jarros-otros-sublimacion","8":"first","9":"instock","10":"taxable","11":"shipping-taxable","12":"product-type-simple"},"aioseo_notices":[],"tiered_pricing_type":"fixed","tiered_pricing_fixed_rules":[],"tiered_pricing_product_settings":{"layout":"default","base_unit_name":{"singular":null,"plural":null},"default_variation":null},"tiered_pricing_minimum_quantity":null,"tiered_pricing_roles_data":[],"tiered_pricing_percentage_rules":[],"_links":{"self":[{"href":"https:\/\/lancer.cl\/lancer\/wp-json\/wp\/v2\/product\/1259","targetHints":{"allow":["GET"]}}],"collection":[{"href":"https:\/\/lancer.cl\/lancer\/wp-json\/wp\/v2\/product"}],"about":[{"href":"https:\/\/lancer.cl\/lancer\/wp-json\/wp\/v2\/types\/product"}],"replies":[{"embeddable":true,"href":"https:\/\/lancer.cl\/lancer\/wp-json\/wp\/v2\/comments?post=1259"}],"wp:featuredmedia":[{"embeddable":true,"href":"https:\/\/lancer.cl\/lancer\/wp-json\/wp\/v2\/media\/1976"}],"wp:attachment":[{"href":"https:\/\/lancer.cl\/lancer\/wp-json\/wp\/v2\/media?parent=1259"}],"wp:term":[{"taxonomy":"product_brand","embeddable":true,"href":"https:\/\/lancer.cl\/lancer\/wp-json\/wp\/v2\/product_brand?post=1259"},{"taxonomy":"product_cat","embeddable":true,"href":"https:\/\/lancer.cl\/lancer\/wp-json\/wp\/v2\/product_cat?post=1259"},{"taxonomy":"product_tag","embeddable":true,"href":"https:\/\/lancer.cl\/lancer\/wp-json\/wp\/v2\/product_tag?post=1259"}],"curies":[{"name":"wp","href":"https:\/\/api.w.org\/{rel}","templated":true}]}}