{"id":1262,"date":"2024-07-05T15:54:29","date_gmt":"2024-07-05T19:54:29","guid":{"rendered":"https:\/\/lancer.cl\/2022\/?post_type=product&#038;p=1262"},"modified":"2024-07-18T15:13:38","modified_gmt":"2024-07-18T19:13:38","slug":"13r-06-reloj-cubo","status":"publish","type":"product","link":"https:\/\/lancer.cl\/lancer\/catalogo\/13r-06-reloj-cubo\/","title":{"rendered":"13R-04 RELOJ CUBO"},"content":{"rendered":"<p>Una pieza \u00fanica que combina funcionalidad con diversi\u00f3n y estilo. Con su forma distintiva y capacidad para cambiar de color, este reloj no solo te mantiene puntual, sino que tambi\u00e9n a\u00f1ade un elemento din\u00e1mico y vibrante a cualquier ambiente, creando una experiencia visual sorprendente.<\/p>\n","protected":false},"excerpt":{"rendered":"<p>Caracter\u00edsticas:<\/p>\n<ul>\n<li>Forma Cubica<\/li>\n<li>Cambia Color<\/li>\n<li>Medidas: 8 X 8MM X 8MM<\/li>\n<li>MaterialL: MDF<\/li>\n<li>1 pcs X Cajita<\/li>\n<li>100 Jajitas X Caja<\/li>\n<\/ul>\n<p>&nbsp;<\/p>\n","protected":false},"featured_media":1982,"comment_status":"open","ping_status":"closed","template":"","meta":{"_monsterinsights_skip_tracking":false,"_monsterinsights_sitenote_active":false,"_monsterinsights_sitenote_note":"","_monsterinsights_sitenote_category":0},"product_brand":[],"product_cat":[130],"product_tag":[],"class_list":{"0":"post-1262","1":"product","2":"type-product","3":"status-publish","4":"has-post-thumbnail","6":"product_cat-tazas-jarros-otros-sublimacion","8":"first","9":"instock","10":"taxable","11":"shipping-taxable","12":"product-type-simple"},"aioseo_notices":[],"tiered_pricing_type":"fixed","tiered_pricing_fixed_rules":[],"tiered_pricing_product_settings":{"layout":"default","base_unit_name":{"singular":null,"plural":null},"default_variation":null},"tiered_pricing_minimum_quantity":null,"tiered_pricing_roles_data":[],"tiered_pricing_percentage_rules":[],"_links":{"self":[{"href":"https:\/\/lancer.cl\/lancer\/wp-json\/wp\/v2\/product\/1262","targetHints":{"allow":["GET"]}}],"collection":[{"href":"https:\/\/lancer.cl\/lancer\/wp-json\/wp\/v2\/product"}],"about":[{"href":"https:\/\/lancer.cl\/lancer\/wp-json\/wp\/v2\/types\/product"}],"replies":[{"embeddable":true,"href":"https:\/\/lancer.cl\/lancer\/wp-json\/wp\/v2\/comments?post=1262"}],"wp:featuredmedia":[{"embeddable":true,"href":"https:\/\/lancer.cl\/lancer\/wp-json\/wp\/v2\/media\/1982"}],"wp:attachment":[{"href":"https:\/\/lancer.cl\/lancer\/wp-json\/wp\/v2\/media?parent=1262"}],"wp:term":[{"taxonomy":"product_brand","embeddable":true,"href":"https:\/\/lancer.cl\/lancer\/wp-json\/wp\/v2\/product_brand?post=1262"},{"taxonomy":"product_cat","embeddable":true,"href":"https:\/\/lancer.cl\/lancer\/wp-json\/wp\/v2\/product_cat?post=1262"},{"taxonomy":"product_tag","embeddable":true,"href":"https:\/\/lancer.cl\/lancer\/wp-json\/wp\/v2\/product_tag?post=1262"}],"curies":[{"name":"wp","href":"https:\/\/api.w.org\/{rel}","templated":true}]}}