{"id":610,"date":"2024-07-05T15:47:49","date_gmt":"2024-07-05T19:47:49","guid":{"rendered":"https:\/\/lancer.cl\/2022\/?post_type=product&#038;p=610"},"modified":"2024-07-05T15:47:59","modified_gmt":"2024-07-05T19:47:59","slug":"04tp-01-set-5-rollos-de-teflon-cafe","status":"publish","type":"product","link":"https:\/\/lancer.cl\/lancer\/catalogo\/04tp-01-set-5-rollos-de-teflon-cafe\/","title":{"rendered":"04TP-01 SET 5 ROLLOS DE TEFL\u00d3N CAF\u00c9"},"content":{"rendered":"","protected":false},"excerpt":{"rendered":"<h1>04TP-01 SET 5 ROLLOS DE TEFL\u00d3N CAF\u00c9<\/h1>\n<p id=\"product_reference\"><label>Referencia<\/label>\u00a0<span class=\"editable\">04TP-01<\/span><\/p>\n<p id=\"product_condition\"><label>Condici\u00f3n:<\/label>\u00a0<span class=\"editable\">Nuevo<\/span><\/p>\n<div id=\"short_description_block\">\n<div id=\"short_description_content\" class=\"rte align_justify\">\n<p>Se puede utilizar muchas veces en ambos lados, solo limpie la pintura, el pegamento, la cera, la arcilla para hornear y m\u00e1s cuando termine.<\/p>\n<ul>\n<li>Rollo de 40cms x 60cms.<\/li>\n<li>Antiadherente de tefl\u00f3n.<\/li>\n<li>Protege su vinilo, ropa y hierro mientras plancha en HTV.<\/li>\n<li>Resistente a la temperatura y repelente al agua.<\/li>\n<li>Resistencia al calor hasta 360 grados.<\/li>\n<li>Protege su superficie de trabajo.<\/li>\n<li>Perfecto para las prensas de calor.<\/li>\n<li>Reutilizable y duradero.<\/li>\n<li>F\u00e1cil de limpiar.<\/li>\n<li>Se puede utilizar para proteger parrillas y revestimientos de horno.<\/li>\n<li>Protege la ropa de hierro, transferencia de calor, pinturas y otros proyectos de artesan\u00eda.<\/li>\n<\/ul>\n<\/div>\n<\/div>\n","protected":false},"featured_media":0,"comment_status":"closed","ping_status":"closed","template":"","meta":{"_monsterinsights_skip_tracking":false,"_monsterinsights_sitenote_active":false,"_monsterinsights_sitenote_note":"","_monsterinsights_sitenote_category":0},"product_brand":[],"product_cat":[15],"product_tag":[],"class_list":{"0":"post-610","1":"product","2":"type-product","3":"status-publish","5":"product_cat-suministros","7":"first","8":"instock","9":"taxable","10":"shipping-taxable","11":"product-type-simple"},"aioseo_notices":[],"tiered_pricing_type":"fixed","tiered_pricing_fixed_rules":[],"tiered_pricing_product_settings":{"layout":"default","base_unit_name":{"singular":null,"plural":null},"default_variation":null},"tiered_pricing_minimum_quantity":null,"tiered_pricing_roles_data":[],"tiered_pricing_percentage_rules":[],"_links":{"self":[{"href":"https:\/\/lancer.cl\/lancer\/wp-json\/wp\/v2\/product\/610","targetHints":{"allow":["GET"]}}],"collection":[{"href":"https:\/\/lancer.cl\/lancer\/wp-json\/wp\/v2\/product"}],"about":[{"href":"https:\/\/lancer.cl\/lancer\/wp-json\/wp\/v2\/types\/product"}],"replies":[{"embeddable":true,"href":"https:\/\/lancer.cl\/lancer\/wp-json\/wp\/v2\/comments?post=610"}],"wp:attachment":[{"href":"https:\/\/lancer.cl\/lancer\/wp-json\/wp\/v2\/media?parent=610"}],"wp:term":[{"taxonomy":"product_brand","embeddable":true,"href":"https:\/\/lancer.cl\/lancer\/wp-json\/wp\/v2\/product_brand?post=610"},{"taxonomy":"product_cat","embeddable":true,"href":"https:\/\/lancer.cl\/lancer\/wp-json\/wp\/v2\/product_cat?post=610"},{"taxonomy":"product_tag","embeddable":true,"href":"https:\/\/lancer.cl\/lancer\/wp-json\/wp\/v2\/product_tag?post=610"}],"curies":[{"name":"wp","href":"https:\/\/api.w.org\/{rel}","templated":true}]}}