{"id":684,"date":"2024-07-05T15:48:44","date_gmt":"2024-07-05T19:48:44","guid":{"rendered":"https:\/\/lancer.cl\/2022\/?post_type=product&#038;p=684"},"modified":"2024-07-05T15:48:46","modified_gmt":"2024-07-05T19:48:46","slug":"sistema-solar-de-iluminacion-8-watts-31sl-11","status":"publish","type":"product","link":"https:\/\/lancer.cl\/lancer\/catalogo\/sistema-solar-de-iluminacion-8-watts-31sl-11\/","title":{"rendered":"SISTEMA SOLAR DE ILUMINACION 8 WATTS 31SL-11"},"content":{"rendered":"","protected":false},"excerpt":{"rendered":"<p><strong>CARACTER\u00cdSTICAS:<\/strong><\/p>\n<ul>\n<li>Panel solar monocristalino 8W\/9V<\/li>\n<li>Bater\u00eda LiFePO4, 6.4V\/4AH.Led 5W, 400 l\u00famenes.<\/li>\n<li>Sensor PIR: \u00c1ngulo 5 a 7 mts, \u00e1ngulo de detecci\u00f3n: 140 grados.<\/li>\n<li>Tiempo de carga: 6 horas bajo sol radiante, 8 horas bajo luminosidad normal.<\/li>\n<li>Iluminaci\u00f3n hasta 8 horas a 3 watts. 1 minuto de iluminaci\u00f3n durante la noche cuando se detecta movimiento humano, hasta 60 veces por d\u00eda.<\/li>\n<li>Temperatura de funcionamiento: -20\u2103 a 60\u2103.<\/li>\n<li>Temperatura de iluminaci\u00f3n: Puro\/Blanco fr\u00edo, 4000-6000K<\/li>\n<li>Altura de instalaci\u00f3n: 2.5 a 3 mts.<\/li>\n<\/ul>\n","protected":false},"featured_media":0,"comment_status":"closed","ping_status":"closed","template":"","meta":{"_monsterinsights_skip_tracking":false,"_monsterinsights_sitenote_active":false,"_monsterinsights_sitenote_note":"","_monsterinsights_sitenote_category":0},"product_brand":[],"product_cat":[15],"product_tag":[],"class_list":{"0":"post-684","1":"product","2":"type-product","3":"status-publish","5":"product_cat-suministros","7":"first","8":"instock","9":"taxable","10":"shipping-taxable","11":"product-type-simple"},"aioseo_notices":[],"tiered_pricing_type":"fixed","tiered_pricing_fixed_rules":[],"tiered_pricing_product_settings":{"layout":"default","base_unit_name":{"singular":null,"plural":null},"default_variation":null},"tiered_pricing_minimum_quantity":null,"tiered_pricing_roles_data":[],"tiered_pricing_percentage_rules":[],"_links":{"self":[{"href":"https:\/\/lancer.cl\/lancer\/wp-json\/wp\/v2\/product\/684","targetHints":{"allow":["GET"]}}],"collection":[{"href":"https:\/\/lancer.cl\/lancer\/wp-json\/wp\/v2\/product"}],"about":[{"href":"https:\/\/lancer.cl\/lancer\/wp-json\/wp\/v2\/types\/product"}],"replies":[{"embeddable":true,"href":"https:\/\/lancer.cl\/lancer\/wp-json\/wp\/v2\/comments?post=684"}],"wp:attachment":[{"href":"https:\/\/lancer.cl\/lancer\/wp-json\/wp\/v2\/media?parent=684"}],"wp:term":[{"taxonomy":"product_brand","embeddable":true,"href":"https:\/\/lancer.cl\/lancer\/wp-json\/wp\/v2\/product_brand?post=684"},{"taxonomy":"product_cat","embeddable":true,"href":"https:\/\/lancer.cl\/lancer\/wp-json\/wp\/v2\/product_cat?post=684"},{"taxonomy":"product_tag","embeddable":true,"href":"https:\/\/lancer.cl\/lancer\/wp-json\/wp\/v2\/product_tag?post=684"}],"curies":[{"name":"wp","href":"https:\/\/api.w.org\/{rel}","templated":true}]}}