{"id":920,"date":"2024-07-05T15:50:53","date_gmt":"2024-07-05T19:50:53","guid":{"rendered":"https:\/\/lancer.cl\/2022\/?post_type=product&#038;p=920"},"modified":"2024-08-22T14:03:36","modified_gmt":"2024-08-22T18:03:36","slug":"05c-54cl-cartucho","status":"publish","type":"product","link":"https:\/\/lancer.cl\/lancer\/catalogo\/05c-54cl-cartucho\/","title":{"rendered":"05C-54CL CARTUCHO"},"content":{"rendered":"<p>\u00a1Da vida a tus impresiones con el cartucho 05C-54CL! Compatible con impresoras Canon Pixma E481, E471, E402, E401, E4210, E3110, E301 y E201, este cartucho de 20 ml ofrece colores vibrantes y detalles brillantes en cada impresi\u00f3n. Ideal para documentos y fotos, garantiza resultados consistentes y de alta calidad. Optimiza tu experiencia de impresi\u00f3n y asegura un rendimiento excepcional con el cartucho 05C-54CL, tu elecci\u00f3n perfecta para obtener im\u00e1genes impactantes y textos claros.<\/p>\n","protected":false},"excerpt":{"rendered":"<p>Caracter\u00edsticas:<\/p>\n<ul>\n<li>Compatible Para impresoras Canon Pixma E481 \/\u00a0 E471 \/\u00a0E402 \/\u00a0E401\u00a0\/ E4210 \/ E3110 \/ E301 \/ E201<\/li>\n<li>Tama\u00f1o: 20ml<\/li>\n<\/ul>\n","protected":false},"featured_media":4038,"comment_status":"open","ping_status":"closed","template":"","meta":{"_monsterinsights_skip_tracking":false,"_monsterinsights_sitenote_active":false,"_monsterinsights_sitenote_note":"","_monsterinsights_sitenote_category":0},"product_brand":[],"product_cat":[137,136,171],"product_tag":[],"class_list":{"0":"post-920","1":"product","2":"type-product","3":"status-publish","4":"has-post-thumbnail","6":"product_cat-canon-cartuchos","7":"product_cat-cartuchos","8":"product_cat-marca-canon","10":"first","11":"instock","12":"taxable","13":"shipping-taxable","14":"product-type-simple"},"aioseo_notices":[],"tiered_pricing_type":"fixed","tiered_pricing_fixed_rules":[],"tiered_pricing_product_settings":{"layout":"default","base_unit_name":{"singular":null,"plural":null},"default_variation":null},"tiered_pricing_minimum_quantity":null,"tiered_pricing_roles_data":[],"tiered_pricing_percentage_rules":[],"_links":{"self":[{"href":"https:\/\/lancer.cl\/lancer\/wp-json\/wp\/v2\/product\/920","targetHints":{"allow":["GET"]}}],"collection":[{"href":"https:\/\/lancer.cl\/lancer\/wp-json\/wp\/v2\/product"}],"about":[{"href":"https:\/\/lancer.cl\/lancer\/wp-json\/wp\/v2\/types\/product"}],"replies":[{"embeddable":true,"href":"https:\/\/lancer.cl\/lancer\/wp-json\/wp\/v2\/comments?post=920"}],"wp:featuredmedia":[{"embeddable":true,"href":"https:\/\/lancer.cl\/lancer\/wp-json\/wp\/v2\/media\/4038"}],"wp:attachment":[{"href":"https:\/\/lancer.cl\/lancer\/wp-json\/wp\/v2\/media?parent=920"}],"wp:term":[{"taxonomy":"product_brand","embeddable":true,"href":"https:\/\/lancer.cl\/lancer\/wp-json\/wp\/v2\/product_brand?post=920"},{"taxonomy":"product_cat","embeddable":true,"href":"https:\/\/lancer.cl\/lancer\/wp-json\/wp\/v2\/product_cat?post=920"},{"taxonomy":"product_tag","embeddable":true,"href":"https:\/\/lancer.cl\/lancer\/wp-json\/wp\/v2\/product_tag?post=920"}],"curies":[{"name":"wp","href":"https:\/\/api.w.org\/{rel}","templated":true}]}}